{"id":211,"date":"2019-12-09T15:33:52","date_gmt":"2019-12-09T15:33:52","guid":{"rendered":"https:\/\/valdepinto.com\/es\/?page_id=211"},"modified":"2023-05-04T07:09:49","modified_gmt":"2023-05-04T06:09:49","slug":"empresa","status":"publish","type":"page","link":"https:\/\/valdepinto.com\/es\/en\/empresa\/","title":{"rendered":"Empresa"},"content":{"rendered":"<p>[et_pb_section fb_built=\u00bb1&#8243; admin_label=\u00bbFinancing\u00bb _builder_version=\u00bb4.16&#8243; background_color_gradient_direction=\u00bb202deg\u00bb background_image=\u00bbhttps:\/\/valdepinto.com\/es\/wp-content\/uploads\/2020\/02\/FOTO-PARA-REVISTA-2-1920-1.jpg\u00bb background_position=\u00bbbottom_center\u00bb max_height=\u00bb180px\u00bb custom_padding=\u00bb250px||397px||false|false\u00bb top_divider_height_tablet=\u00bb\u00bb top_divider_height_phone=\u00bb50px\u00bb top_divider_height_last_edited=\u00bbon|desktop\u00bb global_colors_info=\u00bb{}\u00bb][\/et_pb_section][et_pb_section fb_built=\u00bb1&#8243; fullwidth=\u00bbon\u00bb admin_label=\u00bbTitulo\u00bb _builder_version=\u00bb4.16&#8243; locked=\u00bboff\u00bb global_colors_info=\u00bb{}\u00bb][et_pb_fullwidth_header title=\u00bbLa Empresa\u00bb _builder_version=\u00bb4.16&#8243; global_colors_info=\u00bb{}\u00bb][\/et_pb_fullwidth_header][\/et_pb_section][et_pb_section fb_built=\u00bb1&#8243; _builder_version=\u00bb4.16&#8243; global_colors_info=\u00bb{}\u00bb][et_pb_row _builder_version=\u00bb4.16&#8243; global_colors_info=\u00bb{}\u00bb][et_pb_column type=\u00bb4_4&#8243; _builder_version=\u00bb4.16&#8243; global_colors_info=\u00bb{}\u00bb][et_pb_text _builder_version=\u00bb4.16&#8243; custom_padding=\u00bb63px||63px|||\u00bb global_colors_info=\u00bb{}\u00bb]<\/p>\n<p>Valdepinto, fundada en Pinto en el a\u00f1o 1986, centra su actividad en el sector ferroviario. Es una empresa dedicada al mecanizado de piezas (especialistas en aislantes el\u00e9ctricos), conformado de chapa y fabricaci\u00f3n de transformadores y bobinas de alta \/ baja tensi\u00f3n. Cuenta con una superficie de m\u00e1s de 2500m2 para el desarrollo de todas sus actividades.<\/p>\n<p>&nbsp;<\/p>\n<p>Nuestra filosof\u00eda es ofrecer a todos los clientes una relaci\u00f3n de calidad-precio inmejorable y \u00a0garantizar siempre un servicio excelente.<\/p>\n<p>&nbsp;<\/p>\n<p>En Valdepinto disponemos de recursos t\u00e9cnicos y humanos apropiados: equipos tecnol\u00f3gicos de alta calidad y personal extraordinariamente cualificado e implicado en la producci\u00f3n y en la adquisici\u00f3n de materiales, siempre recurriendo a proveedores y subcontratistas cualificados y homologados. Por todo ello, podemos asegurar la excelente calidad de los productos que proporcionamos a nuestros clientes y la entrega en el plazo acordado.<\/p>\n<p>&nbsp;<\/p>\n<p>El elevado grado de formaci\u00f3n de nuestro equipo nos permite afrontar el futuro con unas \u00f3ptimas perspectivas de crecimiento, ofreciendo apoyo y posibles soluciones a\u00a0 nuestros clientes en los departamentos de dise\u00f1o e\u00a0 I+D:<\/p>\n<ul>\n<li>Industria Naval<\/li>\n<li>Industria Fotovoltaica<\/li>\n<li>Industria E\u00f3lica<\/li>\n<li>Ferrocarril<\/li>\n<\/ul>\n<p>&nbsp;<\/p>\n<h4>COMPROMISO CON LA CALIDAD<\/h4>\n<h3><\/h3>\n<p>Valdepinto ha realizado siempre un gran esfuerzo para garantizar que todos los productos entregados a sus clientes cumplan satisfactoriamente con los requisitos acordados, adem\u00e1s de los reglamentarios y legalmente aplicables.<\/p>\n<p>&nbsp;<\/p>\n<p>La calidad de nuestros productos es el resultado de combinar procesos optimizados con la implicaci\u00f3n de los profesionales cualificados en todas las fases del producto. Asimismo, procuramos que todas las actuaciones sean respetuosas con el medio ambiente.<\/p>\n<p>&nbsp;<\/p>\n<p>Gracias a la sensibilizaci\u00f3n de nuestros profesionales, centrados en satisfacer las exigencias de calidad de los clientes y adelantarse al futuro, conseguimos entregar productos sin incidencias. En esta direcci\u00f3n, hemos implantado en todas nuestras actividades un Sistema de Gesti\u00f3n de Calidad de acuerdo con los requisitos especificados en la norma <strong>UNE-EN ISO 9001<\/strong>.<\/p>\n<p>[\/et_pb_text][\/et_pb_column][\/et_pb_row][\/et_pb_section][et_pb_section fb_built=\u00bb1&#8243; _builder_version=\u00bb4.16&#8243; background_color=\u00bb#d6d6d6&#8243; background_image=\u00bbhttps:\/\/valdepinto.com\/es\/wp-content\/uploads\/2020\/02\/alone-100123_1920-copia.jpg\u00bb min_height=\u00bb343px\u00bb custom_margin=\u00bb-2px||-1px|||\u00bb custom_padding=\u00bb||39px|||\u00bb global_colors_info=\u00bb{}\u00bb][et_pb_row _builder_version=\u00bb4.21.0&#8243; _module_preset=\u00bbdefault\u00bb column_structure=\u00bb1_3,1_3,1_3&#8243;][et_pb_column _builder_version=\u00bb4.21.0&#8243; _module_preset=\u00bbdefault\u00bb type=\u00bb1_3&#8243;][et_pb_image src=\u00bbhttps:\/\/valdepinto.com\/es\/wp-content\/uploads\/2020\/10\/ISO-9001-2020-002-octubre-2020-2.png\u00bb _builder_version=\u00bb4.21.0&#8243; _module_preset=\u00bbdefault\u00bb title_text=\u00bbISO-9001-2020-(002)&#8212;octubre-2020 (2)\u00bb hover_enabled=\u00bb0&#8243; sticky_enabled=\u00bb0&#8243;][\/et_pb_image][\/et_pb_column][et_pb_column _builder_version=\u00bb4.21.0&#8243; _module_preset=\u00bbdefault\u00bb type=\u00bb1_3&#8243;][et_pb_image src=\u00bbhttps:\/\/valdepinto.com\/es\/wp-content\/uploads\/2023\/05\/Politica-de-Valdepinto-06-2018.png\u00bb _builder_version=\u00bb4.21.0&#8243; _module_preset=\u00bbdefault\u00bb title_text=\u00bbPolitica de Valdepinto- 06-2018&#8243; hover_enabled=\u00bb0&#8243; sticky_enabled=\u00bb0&#8243; custom_margin=\u00bb||24px|||\u00bb width=\u00bb52%\u00bb align=\u00bbcenter\u00bb][\/et_pb_image][\/et_pb_column][et_pb_column _builder_version=\u00bb4.21.0&#8243; _module_preset=\u00bbdefault\u00bb type=\u00bb1_3&#8243;][et_pb_image src=\u00bbhttps:\/\/valdepinto.com\/es\/wp-content\/uploads\/2020\/02\/03.png\u00bb _builder_version=\u00bb4.21.0&#8243; _module_preset=\u00bbdefault\u00bb hover_enabled=\u00bb0&#8243; sticky_enabled=\u00bb0&#8243;][\/et_pb_image][\/et_pb_column][\/et_pb_row][\/et_pb_section]<\/p>\n","protected":false},"excerpt":{"rendered":"<p>Valdepinto, fundada en Pinto en el a\u00f1o 1986, centra su actividad en el sector ferroviario. Es una empresa dedicada al mecanizado de piezas (especialistas en aislantes el\u00e9ctricos), conformado de chapa y fabricaci\u00f3n de transformadores y bobinas de alta \/ baja tensi\u00f3n. Cuenta con una superficie de m\u00e1s de 2500m2 para el desarrollo de todas sus [&hellip;]<\/p>\n","protected":false},"author":1,"featured_media":0,"parent":0,"menu_order":0,"comment_status":"closed","ping_status":"closed","template":"","meta":{"_et_pb_use_builder":"on","_et_pb_old_content":"","_et_gb_content_width":""},"_links":{"self":[{"href":"https:\/\/valdepinto.com\/es\/wp-json\/wp\/v2\/pages\/211"}],"collection":[{"href":"https:\/\/valdepinto.com\/es\/wp-json\/wp\/v2\/pages"}],"about":[{"href":"https:\/\/valdepinto.com\/es\/wp-json\/wp\/v2\/types\/page"}],"author":[{"embeddable":true,"href":"https:\/\/valdepinto.com\/es\/wp-json\/wp\/v2\/users\/1"}],"replies":[{"embeddable":true,"href":"https:\/\/valdepinto.com\/es\/wp-json\/wp\/v2\/comments?post=211"}],"version-history":[{"count":32,"href":"https:\/\/valdepinto.com\/es\/wp-json\/wp\/v2\/pages\/211\/revisions"}],"predecessor-version":[{"id":1748,"href":"https:\/\/valdepinto.com\/es\/wp-json\/wp\/v2\/pages\/211\/revisions\/1748"}],"wp:attachment":[{"href":"https:\/\/valdepinto.com\/es\/wp-json\/wp\/v2\/media?parent=211"}],"curies":[{"name":"wp","href":"https:\/\/api.w.org\/{rel}","templated":true}]}}