{"id":1639,"date":"2021-01-19T10:08:06","date_gmt":"2021-01-19T09:08:06","guid":{"rendered":"https:\/\/valdepinto.com\/es\/?page_id=1639"},"modified":"2025-09-08T18:44:02","modified_gmt":"2025-09-08T17:44:02","slug":"home","status":"publish","type":"page","link":"https:\/\/valdepinto.com\/es\/en\/home\/","title":{"rendered":"Home"},"content":{"rendered":"<p>[et_pb_section fb_built=\u00bb1&#8243; _builder_version=\u00bb4.16&#8243; _module_preset=\u00bbdefault\u00bb max_height=\u00bb1000px\u00bb custom_margin=\u00bb3px||5px||false|false\u00bb global_colors_info=\u00bb{}\u00bb][et_pb_row column_structure=\u00bb1_5,3_5,1_5&#8243; _builder_version=\u00bb4.16&#8243; _module_preset=\u00bbdefault\u00bb width=\u00bb100%\u00bb global_colors_info=\u00bb{}\u00bb][et_pb_column type=\u00bb1_5&#8243; _builder_version=\u00bb4.16&#8243; _module_preset=\u00bbdefault\u00bb global_colors_info=\u00bb{}\u00bb][et_pb_image src=\u00bbhttps:\/\/valdepinto.com\/es\/wp-content\/uploads\/2019\/12\/logo-Valdepinto-2-e1575906442292.jpg\u00bb title_text=\u00bblogo-Valdepinto-600&#8243; align=\u00bbcenter\u00bb _builder_version=\u00bb4.16&#8243; _module_preset=\u00bbdefault\u00bb transform_translate=\u00bb3px|5px\u00bb width=\u00bb82%\u00bb max_width=\u00bb84%\u00bb global_colors_info=\u00bb{}\u00bb][\/et_pb_image][\/et_pb_column][et_pb_column type=\u00bb3_5&#8243; _builder_version=\u00bb4.16&#8243; _module_preset=\u00bbdefault\u00bb global_colors_info=\u00bb{}\u00bb][et_pb_menu menu_style=\u00bbcentered\u00bb submenu_direction=\u00bbdownwards\u00bb dropdown_menu_bg_color=\u00bb#efefef\u00bb dropdown_menu_text_color=\u00bb#000000&#8243; dropdown_menu_active_link_color=\u00bb#E02B20&#8243; _builder_version=\u00bb4.16&#8243; _module_preset=\u00bbdefault\u00bb menu_font=\u00bb||||||||\u00bb menu_font_size=\u00bb17px\u00bb global_colors_info=\u00bb{}\u00bb][\/et_pb_menu][\/et_pb_column][et_pb_column type=\u00bb1_5&#8243; _builder_version=\u00bb4.16&#8243; _module_preset=\u00bbdefault\u00bb global_colors_info=\u00bb{}\u00bb][et_pb_button button_url=\u00bbhttps:\/\/valdepinto.com\/es\/\u00bb button_text=\u00bbEspa\u00f1ol\u00bb button_alignment=\u00bbcenter\u00bb _builder_version=\u00bb4.16&#8243; _module_preset=\u00bbdefault\u00bb custom_button=\u00bbon\u00bb button_text_color=\u00bb#0D2AE5&#8243; button_border_color=\u00bb#0D2AE5&#8243; button_border_radius=\u00bb73px\u00bb button_letter_spacing=\u00bb0px\u00bb button_font=\u00bb||||||||\u00bb button_icon=\u00bb&#xe0e3;||divi||400&#8243; button_icon_color=\u00bb#0D2AE5&#8243; global_colors_info=\u00bb{}\u00bb][\/et_pb_button][\/et_pb_column][\/et_pb_row][\/et_pb_section][et_pb_section fb_built=\u00bb1&#8243; fullwidth=\u00bbon\u00bb _builder_version=\u00bb4.16&#8243; global_colors_info=\u00bb{}\u00bb][et_pb_fullwidth_slider _builder_version=\u00bb4.21.0&#8243; content_max_width=\u00bb100%\u00bb height=\u00bb607px\u00bb custom_padding=\u00bb56px||0px|||\u00bb auto=\u00bbon\u00bb auto_speed=\u00bb6000&#8243; hover_transition_duration=\u00bb700ms\u00bb global_colors_info=\u00bb{}\u00bb][et_pb_slide heading=\u00bbBienvenido a Valdepinto\u00bb button_link=\u00bbhttps:\/\/valdepinto.com\/es\/empresa\/\u00bb _builder_version=\u00bb4.16&#8243; background_image=\u00bbhttps:\/\/valdepinto.com\/es\/wp-content\/uploads\/2020\/02\/banners-empresa.jpg\u00bb background_enable_image=\u00bbon\u00bb link_option_url=\u00bbhttps:\/\/valdepinto.com\/es\/empresa\/\u00bb global_colors_info=\u00bb{}\u00bb sticky_transition=\u00bbon\u00bb]<\/p>\n<p>Valdepinto, S.L. le da la bienvenida y le agradecemos su visita a nuestro entorno virtual, donde podr\u00e1 conocer todo acerca de nuestra empresa, y descubrir\u00e1 los sectores industriales en los que nuestra firma est\u00e1 presente. A su vez, podr\u00e1 ver un \u00e1mplio cat\u00e1logo de productos desarrollados integramente en nuestras instalaciones.<\/p>\n<p>[\/et_pb_slide][et_pb_slide heading=\u00bbImpresi\u00f3n an\u00f3dica\u00bb button_link=\u00bbhttps:\/\/valdepinto.com\/es\/impresion-anodica-y-serigrafia\/\u00bb _builder_version=\u00bb4.16&#8243; background_image=\u00bbhttps:\/\/valdepinto.com\/es\/wp-content\/uploads\/2020\/02\/banners-impresion.jpg\u00bb background_enable_image=\u00bbon\u00bb global_colors_info=\u00bb{}\u00bb sticky_transition=\u00bbon\u00bb][\/et_pb_slide][et_pb_slide heading=\u00bbFabricaci\u00f3n de transformadores y bobinas.\u00bb button_link=\u00bbhttps:\/\/valdepinto.com\/es\/transformadores-y-bobinas\/\u00bb _builder_version=\u00bb4.16&#8243; background_image=\u00bbhttps:\/\/valdepinto.com\/es\/wp-content\/uploads\/2020\/02\/banners-trans.jpg\u00bb background_enable_image=\u00bbon\u00bb global_colors_info=\u00bb{}\u00bb sticky_transition=\u00bbon\u00bb][\/et_pb_slide][\/et_pb_fullwidth_slider][\/et_pb_section][et_pb_section fb_built=\u00bb1&#8243; _builder_version=\u00bb4.16&#8243; use_background_color_gradient=\u00bbon\u00bb background_color_gradient_direction=\u00bb155deg\u00bb background_color_gradient_stops=\u00bb#ffffff 0%|rgba(27,27,66,0.46) 100%\u00bb background_color_gradient_start=\u00bb#ffffff\u00bb background_color_gradient_end=\u00bbrgba(27,27,66,0.46)\u00bb min_height=\u00bb565px\u00bb custom_margin=\u00bb-3px|||||\u00bb global_colors_info=\u00bb{}\u00bb][et_pb_row column_structure=\u00bb1_5,1_5,1_5,1_5,1_5&#8243; custom_padding_last_edited=\u00bbon|desktop\u00bb _builder_version=\u00bb4.16&#8243; background_size=\u00bbinitial\u00bb background_position=\u00bbtop_left\u00bb background_repeat=\u00bbrepeat\u00bb transform_translate_linked=\u00bboff\u00bb width=\u00bb89%\u00bb max_width=\u00bb100%\u00bb min_height=\u00bb407px\u00bb custom_margin=\u00bb0px|auto||auto|false|false\u00bb custom_padding=\u00bb42px||0px||false|false\u00bb custom_padding_tablet=\u00bb0px||||false|false\u00bb custom_padding_phone=\u00bb\u00bb global_colors_info=\u00bb{}\u00bb][et_pb_column type=\u00bb1_5&#8243; _builder_version=\u00bb4.16&#8243; background_color=\u00bb#ffffff\u00bb background_position=\u00bbtop_left\u00bb custom_padding=\u00bb|||\u00bb global_colors_info=\u00bb{}\u00bb custom_padding__hover=\u00bb|||\u00bb][et_pb_image src=\u00bbhttps:\/\/valdepinto.com\/es\/wp-content\/uploads\/2020\/02\/s-0.jpg\u00bb url=\u00bbhttps:\/\/valdepinto.com\/es\/transformadores-y-bobinas\/\u00bb _builder_version=\u00bb4.16&#8243; max_width=\u00bb100%\u00bb height=\u00bb100%\u00bb animation_style=\u00bbfade\u00bb border_width_all=\u00bb3px\u00bb border_color_all=\u00bb#ffffff\u00bb box_shadow_style=\u00bbpreset2&#8243; box_shadow_horizontal=\u00bb9px\u00bb box_shadow_vertical=\u00bb10px\u00bb box_shadow_blur=\u00bb8px\u00bb global_colors_info=\u00bb{}\u00bb][\/et_pb_image][\/et_pb_column][et_pb_column type=\u00bb1_5&#8243; _builder_version=\u00bb4.16&#8243; background_color=\u00bb#ffffff\u00bb background_position=\u00bbtop_left\u00bb custom_padding=\u00bb|||\u00bb global_colors_info=\u00bb{}\u00bb custom_padding__hover=\u00bb|||\u00bb][et_pb_image src=\u00bbhttps:\/\/valdepinto.com\/es\/wp-content\/uploads\/2020\/02\/s.jpg\u00bb url=\u00bbhttps:\/\/valdepinto.com\/es\/plegado-y-soldadura\/\u00bb _builder_version=\u00bb4.16&#8243; max_width=\u00bb100%\u00bb height=\u00bb100%\u00bb animation_style=\u00bbfade\u00bb border_width_all=\u00bb3px\u00bb border_color_all=\u00bb#ffffff\u00bb box_shadow_style=\u00bbpreset2&#8243; box_shadow_horizontal=\u00bb9px\u00bb box_shadow_vertical=\u00bb10px\u00bb box_shadow_blur=\u00bb8px\u00bb global_colors_info=\u00bb{}\u00bb][\/et_pb_image][\/et_pb_column][et_pb_column type=\u00bb1_5&#8243; _builder_version=\u00bb4.16&#8243; background_color=\u00bb#ffffff\u00bb background_position=\u00bbtop_left\u00bb custom_padding=\u00bb|||\u00bb global_colors_info=\u00bb{}\u00bb custom_padding__hover=\u00bb|||\u00bb][et_pb_image src=\u00bbhttps:\/\/valdepinto.com\/es\/wp-content\/uploads\/2020\/02\/s4.jpg\u00bb url=\u00bbhttps:\/\/valdepinto.com\/es\/mecanizados-aislantes-electricos\/\u00bb _builder_version=\u00bb4.16&#8243; max_width=\u00bb100%\u00bb height=\u00bb100%\u00bb animation_style=\u00bbfade\u00bb border_width_all=\u00bb3px\u00bb border_color_all=\u00bb#ffffff\u00bb box_shadow_style=\u00bbpreset2&#8243; box_shadow_horizontal=\u00bb9px\u00bb box_shadow_vertical=\u00bb10px\u00bb box_shadow_blur=\u00bb8px\u00bb global_colors_info=\u00bb{}\u00bb][\/et_pb_image][\/et_pb_column][et_pb_column type=\u00bb1_5&#8243; _builder_version=\u00bb4.16&#8243; background_color=\u00bb#ffffff\u00bb background_position=\u00bbtop_left\u00bb custom_padding=\u00bb|||\u00bb global_colors_info=\u00bb{}\u00bb custom_padding__hover=\u00bb|||\u00bb][et_pb_image src=\u00bbhttps:\/\/valdepinto.com\/es\/wp-content\/uploads\/2020\/02\/s-02-1.jpg\u00bb url=\u00bbhttps:\/\/valdepinto.com\/es\/fabricacion-de-pletinas-de-cobre\/\u00bb _builder_version=\u00bb4.16&#8243; max_width=\u00bb100%\u00bb height=\u00bb100%\u00bb animation_style=\u00bbfade\u00bb border_width_all=\u00bb3px\u00bb border_color_all=\u00bb#ffffff\u00bb box_shadow_style=\u00bbpreset2&#8243; box_shadow_horizontal=\u00bb9px\u00bb box_shadow_vertical=\u00bb10px\u00bb box_shadow_blur=\u00bb8px\u00bb global_colors_info=\u00bb{}\u00bb][\/et_pb_image][\/et_pb_column][et_pb_column type=\u00bb1_5&#8243; _builder_version=\u00bb4.16&#8243; background_color=\u00bb#ffffff\u00bb background_position=\u00bbtop_left\u00bb custom_padding=\u00bb|||\u00bb global_colors_info=\u00bb{}\u00bb custom_padding__hover=\u00bb|||\u00bb][et_pb_image src=\u00bbhttps:\/\/valdepinto.com\/es\/wp-content\/uploads\/2020\/02\/s5.jpg\u00bb url=\u00bbhttps:\/\/valdepinto.com\/es\/metacrilatos-policarbonatos-y-plasticos-industriales\/\u00bb _builder_version=\u00bb4.16&#8243; max_width=\u00bb100%\u00bb height=\u00bb100%\u00bb animation_style=\u00bbfade\u00bb border_width_all=\u00bb3px\u00bb border_color_all=\u00bb#ffffff\u00bb box_shadow_style=\u00bbpreset2&#8243; box_shadow_horizontal=\u00bb9px\u00bb box_shadow_vertical=\u00bb10px\u00bb box_shadow_blur=\u00bb8px\u00bb global_colors_info=\u00bb{}\u00bb][\/et_pb_image][\/et_pb_column][\/et_pb_row][et_pb_row column_structure=\u00bb1_5,1_5,1_5,1_5,1_5&#8243; _builder_version=\u00bb4.16&#8243; background_size=\u00bbinitial\u00bb background_position=\u00bbtop_left\u00bb background_repeat=\u00bbrepeat\u00bb transform_translate_linked=\u00bboff\u00bb width=\u00bb89%\u00bb max_width=\u00bb100%\u00bb min_height=\u00bb473px\u00bb custom_margin=\u00bb0px|auto||auto|false|false\u00bb custom_padding=\u00bb19px||0px||false|false\u00bb global_colors_info=\u00bb{}\u00bb][et_pb_column type=\u00bb1_5&#8243; _builder_version=\u00bb4.16&#8243; background_color=\u00bb#ffffff\u00bb background_position=\u00bbtop_left\u00bb custom_padding=\u00bb|||\u00bb global_colors_info=\u00bb{}\u00bb custom_padding__hover=\u00bb|||\u00bb][et_pb_image src=\u00bbhttps:\/\/valdepinto.com\/es\/wp-content\/uploads\/2020\/02\/s-06.jpg\u00bb url=\u00bbhttps:\/\/valdepinto.com\/es\/caratulas-frontales-paneles-de-mando-y-control\/\u00bb _builder_version=\u00bb4.16&#8243; max_width=\u00bb100%\u00bb height=\u00bb100%\u00bb animation_style=\u00bbfade\u00bb border_width_all=\u00bb3px\u00bb border_color_all=\u00bb#ffffff\u00bb box_shadow_style=\u00bbpreset2&#8243; box_shadow_horizontal=\u00bb9px\u00bb box_shadow_vertical=\u00bb10px\u00bb box_shadow_blur=\u00bb8px\u00bb global_colors_info=\u00bb{}\u00bb][\/et_pb_image][\/et_pb_column][et_pb_column type=\u00bb1_5&#8243; _builder_version=\u00bb4.16&#8243; background_color=\u00bb#ffffff\u00bb background_position=\u00bbtop_left\u00bb custom_padding=\u00bb|||\u00bb global_colors_info=\u00bb{}\u00bb custom_padding__hover=\u00bb|||\u00bb][et_pb_image src=\u00bbhttps:\/\/valdepinto.com\/es\/wp-content\/uploads\/2020\/02\/s-07-1.jpg\u00bb url=\u00bbhttps:\/\/valdepinto.com\/es\/rotulacion-serigrafia-y-gota-de-resina\/\u00bb _builder_version=\u00bb4.16&#8243; max_width=\u00bb100%\u00bb height=\u00bb100%\u00bb animation_style=\u00bbfade\u00bb border_width_all=\u00bb3px\u00bb border_color_all=\u00bb#ffffff\u00bb box_shadow_style=\u00bbpreset2&#8243; box_shadow_horizontal=\u00bb9px\u00bb box_shadow_vertical=\u00bb10px\u00bb box_shadow_blur=\u00bb8px\u00bb global_colors_info=\u00bb{}\u00bb][\/et_pb_image][\/et_pb_column][et_pb_column type=\u00bb1_5&#8243; _builder_version=\u00bb4.16&#8243; background_color=\u00bb#ffffff\u00bb background_position=\u00bbtop_left\u00bb custom_padding=\u00bb|||\u00bb global_colors_info=\u00bb{}\u00bb custom_padding__hover=\u00bb|||\u00bb][et_pb_image src=\u00bbhttps:\/\/valdepinto.com\/es\/wp-content\/uploads\/2020\/02\/s-08.jpg\u00bb url=\u00bbhttps:\/\/valdepinto.com\/es\/grabado-mecanico-y-laser\/\u00bb _builder_version=\u00bb4.16&#8243; max_width=\u00bb100%\u00bb height=\u00bb100%\u00bb animation_style=\u00bbfade\u00bb border_width_all=\u00bb3px\u00bb border_color_all=\u00bb#ffffff\u00bb box_shadow_style=\u00bbpreset2&#8243; box_shadow_horizontal=\u00bb9px\u00bb box_shadow_vertical=\u00bb10px\u00bb box_shadow_blur=\u00bb8px\u00bb global_colors_info=\u00bb{}\u00bb][\/et_pb_image][\/et_pb_column][et_pb_column type=\u00bb1_5&#8243; _builder_version=\u00bb4.16&#8243; background_color=\u00bb#ffffff\u00bb background_position=\u00bbtop_left\u00bb custom_padding=\u00bb|||\u00bb global_colors_info=\u00bb{}\u00bb custom_padding__hover=\u00bb|||\u00bb][et_pb_image src=\u00bbhttps:\/\/valdepinto.com\/es\/wp-content\/uploads\/2020\/02\/s-09-1.jpg\u00bb url=\u00bbhttps:\/\/valdepinto.com\/es\/hidrocorte\/\u00bb _builder_version=\u00bb4.16&#8243; max_width=\u00bb100%\u00bb height=\u00bb100%\u00bb animation_style=\u00bbfade\u00bb border_width_all=\u00bb3px\u00bb border_color_all=\u00bb#ffffff\u00bb box_shadow_style=\u00bbpreset2&#8243; box_shadow_horizontal=\u00bb9px\u00bb box_shadow_vertical=\u00bb10px\u00bb box_shadow_blur=\u00bb8px\u00bb global_colors_info=\u00bb{}\u00bb][\/et_pb_image][\/et_pb_column][et_pb_column type=\u00bb1_5&#8243; _builder_version=\u00bb4.16&#8243; background_color=\u00bb#ffffff\u00bb background_position=\u00bbtop_left\u00bb custom_padding=\u00bb|||\u00bb global_colors_info=\u00bb{}\u00bb custom_padding__hover=\u00bb|||\u00bb][et_pb_image src=\u00bbhttps:\/\/valdepinto.com\/es\/wp-content\/uploads\/2020\/02\/s-010-1.jpg\u00bb url=\u00bbhttps:\/\/valdepinto.com\/es\/juntas-arandelas-y-troquelados\/\u00bb _builder_version=\u00bb4.16&#8243; z_index=\u00bb26&#8243; max_width=\u00bb100%\u00bb height=\u00bb100%\u00bb animation_style=\u00bbfade\u00bb border_width_all=\u00bb3px\u00bb border_color_all=\u00bb#ffffff\u00bb box_shadow_style=\u00bbpreset2&#8243; box_shadow_horizontal=\u00bb9px\u00bb box_shadow_vertical=\u00bb10px\u00bb box_shadow_blur=\u00bb8px\u00bb global_colors_info=\u00bb{}\u00bb][\/et_pb_image][\/et_pb_column][\/et_pb_row][et_pb_row _builder_version=\u00bb4.21.0&#8243; _module_preset=\u00bbdefault\u00bb global_colors_info=\u00bb{}\u00bb][et_pb_column type=\u00bb4_4&#8243; _builder_version=\u00bb4.21.0&#8243; _module_preset=\u00bbdefault\u00bb global_colors_info=\u00bb{}\u00bb][\/et_pb_column][\/et_pb_row][et_pb_row _builder_version=\u00bb4.21.0&#8243; _module_preset=\u00bbdefault\u00bb][et_pb_column _builder_version=\u00bb4.21.0&#8243; _module_preset=\u00bbdefault\u00bb type=\u00bb4_4&#8243;][et_pb_image src=\u00bbhttps:\/\/valdepinto.com\/es\/wp-content\/uploads\/2025\/09\/fondos_eruropeos.jpg\u00bb _builder_version=\u00bb4.21.0&#8243; _module_preset=\u00bbdefault\u00bb title_text=\u00bbfondos_eruropeos\u00bb hover_enabled=\u00bb0&#8243; sticky_enabled=\u00bb0&#8243;][\/et_pb_image][\/et_pb_column][\/et_pb_row][\/et_pb_section]<\/p>\n","protected":false},"excerpt":{"rendered":"<p>Valdepinto, S.L. le da la bienvenida y le agradecemos su visita a nuestro entorno virtual, donde podr\u00e1 conocer todo acerca de nuestra empresa, y descubrir\u00e1 los sectores industriales en los que nuestra firma est\u00e1 presente. A su vez, podr\u00e1 ver un \u00e1mplio cat\u00e1logo de productos desarrollados integramente en nuestras instalaciones.<\/p>\n","protected":false},"author":1,"featured_media":0,"parent":0,"menu_order":0,"comment_status":"closed","ping_status":"closed","template":"","meta":{"_et_pb_use_builder":"on","_et_pb_old_content":"","_et_gb_content_width":""},"_links":{"self":[{"href":"https:\/\/valdepinto.com\/es\/wp-json\/wp\/v2\/pages\/1639"}],"collection":[{"href":"https:\/\/valdepinto.com\/es\/wp-json\/wp\/v2\/pages"}],"about":[{"href":"https:\/\/valdepinto.com\/es\/wp-json\/wp\/v2\/types\/page"}],"author":[{"embeddable":true,"href":"https:\/\/valdepinto.com\/es\/wp-json\/wp\/v2\/users\/1"}],"replies":[{"embeddable":true,"href":"https:\/\/valdepinto.com\/es\/wp-json\/wp\/v2\/comments?post=1639"}],"version-history":[{"count":35,"href":"https:\/\/valdepinto.com\/es\/wp-json\/wp\/v2\/pages\/1639\/revisions"}],"predecessor-version":[{"id":1765,"href":"https:\/\/valdepinto.com\/es\/wp-json\/wp\/v2\/pages\/1639\/revisions\/1765"}],"wp:attachment":[{"href":"https:\/\/valdepinto.com\/es\/wp-json\/wp\/v2\/media?parent=1639"}],"curies":[{"name":"wp","href":"https:\/\/api.w.org\/{rel}","templated":true}]}}